{"id":2888,"date":"2026-02-01T14:47:06","date_gmt":"2026-02-01T14:47:06","guid":{"rendered":"https:\/\/marina-clavet-coaching.com\/kaffeepause-coaching\/"},"modified":"2026-03-26T15:53:16","modified_gmt":"2026-03-26T15:53:16","slug":"kaffeepause-coaching","status":"publish","type":"page","link":"https:\/\/marina-clavet-coaching.com\/de\/kaffeepause-coaching\/","title":{"rendered":"Kaffeepause Coaching"},"content":{"rendered":"<p>[et_pb_section fb_built=&#8220;1&#8243; admin_label=&#8220;Header&#8220; _builder_version=&#8220;4.27.4&#8243; _module_preset=&#8220;default&#8220; background_color=&#8220;gcid-1cd7305f-fd20-421c-b36d-bb3da4e244c4&#8243; use_background_color_gradient=&#8220;on&#8220; background_color_gradient_type=&#8220;circular&#8220; background_color_gradient_stops=&#8220;rgba(247,242,239,0.8) 49%|rgba(255,255,255,0) 100%&#8220; background_color_gradient_overlays_image=&#8220;on&#8220; background_image=&#8220;https:\/\/marina-clavet-coaching.com\/wp-content\/uploads\/2023\/06\/D8E_1220-scaled.jpg&#8220; parallax=&#8220;on&#8220; background_video_mp4=&#8220;https:\/\/marina-clavet-coaching.com\/wp-content\/uploads\/2025\/02\/Pause-cafe-coaching.mp4&#8243; custom_padding=&#8220;13vw||13vw||true|false&#8220; collapsed=&#8220;on&#8220; global_colors_info=&#8220;{%22gcid-1cd7305f-fd20-421c-b36d-bb3da4e244c4%22:%91%22background_color%22%93}&#8220; theme_builder_area=&#8220;post_content&#8220;][et_pb_row _builder_version=&#8220;4.24.2&#8243; _module_preset=&#8220;default&#8220; max_width=&#8220;none&#8220; global_colors_info=&#8220;{}&#8220; theme_builder_area=&#8220;post_content&#8220;][et_pb_column type=&#8220;4_4&#8243; _builder_version=&#8220;4.23.1&#8243; _module_preset=&#8220;default&#8220; global_colors_info=&#8220;{}&#8220; theme_builder_area=&#8220;post_content&#8220;][et_pb_text _builder_version=&#8220;4.27.5&#8243; _module_preset=&#8220;_initial&#8220; text_text_color=&#8220;gcid-heading-color&#8220; text_font_size=&#8220;91px&#8220; header_font=&#8220;Diplomata SC||||||||&#8220; header_font_size=&#8220;5vw&#8220; text_orientation=&#8220;center&#8220; custom_margin=&#8220;||10px||false|false&#8220; hover_enabled=&#8220;0&#8243; header_font_size_last_edited=&#8220;off|desktop&#8220; global_colors_info=&#8220;{%22gcid-heading-color%22:%91%22text_text_color%22%93}&#8220; theme_builder_area=&#8220;post_content&#8220; sticky_enabled=&#8220;0&#8243;]<\/p>\n<h2><span style=\"color: #ffffff; font-size: xx-large;\"><strong>Kaffeepause Coaching<\/strong><\/span><\/h2>\n<p><span style=\"color: #ffffff; font-size: xx-large;\"><strong><\/strong><\/span><\/p>\n<p><span style=\"color: #ffffff; font-size: xx-large;\"><strong><span>Wenn Sie sich in einer gesch\u00e4ftlichen Situation im Kreis drehen, <\/span><\/strong><\/span><span style=\"color: #ffffff; font-size: xx-large;\"><strong><span>Wenn Sie in einer Situation sind, in der Sie sich nicht sicher sind, k\u00f6nnen 20 Minuten ausreichen, um Klarheit zu schaffen.<\/span><\/strong><\/span><\/p>\n<h2><span style=\"color: #ffffff; font-size: xx-large;\"> <\/span><\/h2>\n<p>[\/et_pb_text][\/et_pb_column][\/et_pb_row][\/et_pb_section][et_pb_section fb_built=&#8220;1&#8243; admin_label=&#8220;Feature&#8220; _builder_version=&#8220;4.24.2&#8243; _module_preset=&#8220;default&#8220; background_color=&#8220;RGBA(255,255,255,0)&#8220; custom_padding=&#8220;0px||||false|false&#8220; collapsed=&#8220;on&#8220; global_colors_info=&#8220;{}&#8220; theme_builder_area=&#8220;post_content&#8220;][et_pb_row column_structure=&#8220;1_5,1_5,1_5,1_5,1_5&#8243; _builder_version=&#8220;4.24.3&#8243; _module_preset=&#8220;default&#8220; max_width=&#8220;1280px&#8220; custom_margin=&#8220;-6vw||||false|false&#8220; custom_padding=&#8220;0px||||false|false&#8220; global_colors_info=&#8220;{}&#8220; theme_builder_area=&#8220;post_content&#8220;][et_pb_column type=&#8220;1_5&#8243; _builder_version=&#8220;4.23.1&#8243; _module_preset=&#8220;default&#8220; background_color=&#8220;gcid-f0ea3984-34c6-490b-8ec9-14422edca868&#8243; custom_padding=&#8220;40px|30px|40px|30px|true|true&#8220; custom_padding_tablet=&#8220;30px||30px||true|false&#8220; custom_padding_phone=&#8220;|20px||20px|false|true&#8220; custom_padding_last_edited=&#8220;on|desktop&#8220; box_shadow_style=&#8220;preset2&#8243; box_shadow_horizontal=&#8220;0px&#8220; box_shadow_vertical=&#8220;20px&#8220; box_shadow_blur=&#8220;40px&#8220; box_shadow_color=&#8220;rgba(0,0,0,0.12)&#8220; global_colors_info=&#8220;{%22gcid-f0ea3984-34c6-490b-8ec9-14422edca868%22:%91%22background_color%22,%22background_color%22%93}&#8220; theme_builder_area=&#8220;post_content&#8220;][et_pb_icon font_icon=&#8220;&#xe033;||divi||400&#8243; icon_color=&#8220;#FFFFFF&#8220; icon_width=&#8220;36px&#8220; _builder_version=&#8220;4.27.4&#8243; _module_preset=&#8220;default&#8220; background_color=&#8220;gcid-33413812-8507-4da4-83be-6137b98902ad&#8220; custom_padding=&#8220;24px|24px|24px|24px|true|true&#8220; border_radii=&#8220;on|50px|50px|50px|50px&#8220; locked=&#8220;off&#8220; global_colors_info=&#8220;{%22gcid-33413812-8507-4da4-83be-6137b98902ad%22:%91%22background_color%22%93}&#8220; theme_builder_area=&#8220;post_content&#8220;][\/et_pb_icon][et_pb_text _builder_version=&#8220;4.27.4&#8243; _module_preset=&#8220;_initial&#8220; header_5_font=&#8220;Outfit|700|||||||&#8220; header_5_font_size=&#8220;20px&#8220; header_5_line_height=&#8220;1.4em&#8220; text_orientation=&#8220;center&#8220; custom_margin=&#8220;||10px||false|false&#8220; header_5_font_size_tablet=&#8220;16px&#8220; header_5_font_size_phone=&#8220;14px&#8220; header_5_font_size_last_edited=&#8220;on|desktop&#8220; locked=&#8220;off&#8220; global_colors_info=&#8220;{}&#8220; theme_builder_area=&#8220;post_content&#8220;]<\/p>\n<h5><strong data-start=\"644\" data-end=\"676\">Mehr Klarheit &amp; erste Ans\u00e4tze<\/strong><\/h5>\n<p>[\/et_pb_text][\/et_pb_column][et_pb_column type=&#8220;1_5&#8243; _builder_version=&#8220;4.23.1&#8243; _module_preset=&#8220;default&#8220; background_color=&#8220;gcid-f0ea3984-34c6-490b-8ec9-14422edca868&#8243; custom_padding=&#8220;40px|30px|40px|30px|true|true&#8220; custom_padding_tablet=&#8220;30px||30px||true|false&#8220; custom_padding_phone=&#8220;|20px||20px|false|true&#8220; custom_padding_last_edited=&#8220;on|desktop&#8220; box_shadow_style=&#8220;preset2&#8243; box_shadow_horizontal=&#8220;0px&#8220; box_shadow_vertical=&#8220;20px&#8220; box_shadow_blur=&#8220;40px&#8220; box_shadow_color=&#8220;rgba(0,0,0,0.12)&#8220; global_colors_info=&#8220;{%22gcid-f0ea3984-34c6-490b-8ec9-14422edca868%22:%91%22background_color%22,%22background_color%22%93}&#8220; theme_builder_area=&#8220;post_content&#8220;][et_pb_icon font_icon=&#8220;&#xf78d;||fa||400&#8243; icon_color=&#8220;#FFFFFF&#8220; icon_width=&#8220;36px&#8220; _builder_version=&#8220;4.27.4&#8243; _module_preset=&#8220;default&#8220; background_color=&#8220;gcid-2ebbc52c-9ee6-4712-a077-fcaec9b98540&#8243; custom_padding=&#8220;24px|24px|24px|24px|true|true&#8220; border_radii=&#8220;on|50px|50px|50px|50px&#8220; locked=&#8220;off&#8220; global_colors_info=&#8220;{%22gcid-2ebbc52c-9ee6-4712-a077-fcaec9b98540%22:%91%22background_color%22%93}&#8220; theme_builder_area=&#8220;post_content&#8220;][\/et_pb_icon][et_pb_text _builder_version=&#8220;4.27.4&#8243; _module_preset=&#8220;_initial&#8220; header_5_font=&#8220;Outfit|700|||||||&#8220; header_5_font_size=&#8220;20px&#8220; header_5_line_height=&#8220;1.4em&#8220; text_orientation=&#8220;center&#8220; custom_margin=&#8220;||10px||false|false&#8220; header_5_font_size_tablet=&#8220;16px&#8220; header_5_font_size_phone=&#8220;14px&#8220; header_5_font_size_last_edited=&#8220;on|desktop&#8220; locked=&#8220;off&#8220; global_colors_info=&#8220;{}&#8220; theme_builder_area=&#8220;post_content&#8220;]<\/p>\n<h5><strong>Ein vertrauensw\u00fcrdiger Blick von au\u00dfen<\/strong><\/h5>\n<p><strong><\/strong><\/p>\n<p>[\/et_pb_text][\/et_pb_column][et_pb_column type=&#8220;1_5&#8243; _builder_version=&#8220;4.23.1&#8243; _module_preset=&#8220;default&#8220; background_color=&#8220;gcid-f0ea3984-34c6-490b-8ec9-14422edca868&#8243; custom_padding=&#8220;40px|30px|40px|30px|true|true&#8220; custom_padding_tablet=&#8220;30px||30px||true|false&#8220; custom_padding_phone=&#8220;|20px||20px|false|true&#8220; custom_padding_last_edited=&#8220;on|desktop&#8220; box_shadow_style=&#8220;preset2&#8243; box_shadow_horizontal=&#8220;0px&#8220; box_shadow_vertical=&#8220;20px&#8220; box_shadow_blur=&#8220;40px&#8220; box_shadow_color=&#8220;rgba(0,0,0,0.12)&#8220; global_colors_info=&#8220;{%22gcid-f0ea3984-34c6-490b-8ec9-14422edca868%22:%91%22background_color%22%93}&#8220; theme_builder_area=&#8220;post_content&#8220;][et_pb_icon font_icon=&#8220;&#xf3e0;||fa||900&#8243; icon_color=&#8220;gcid-8544a4e2-27b8-420a-83de-1cee04f2fb29&#8243; icon_width=&#8220;36px&#8220; _builder_version=&#8220;4.27.4&#8243; _module_preset=&#8220;default&#8220; background_color=&#8220;gcid-33413812-8507-4da4-83be-6137b98902ad&#8220; custom_padding=&#8220;24px|24px|24px|24px|true|true&#8220; border_radii=&#8220;on|50px|50px|50px|50px&#8220; global_colors_info=&#8220;{%22gcid-8544a4e2-27b8-420a-83de-1cee04f2fb29%22:%91%22icon_color%22%93,%22gcid-33413812-8507-4da4-83be-6137b98902ad%22:%91%22background_color%22%93}&#8220; theme_builder_area=&#8220;post_content&#8220;][\/et_pb_icon][et_pb_text _builder_version=&#8220;4.27.4&#8243; _module_preset=&#8220;_initial&#8220; header_5_font=&#8220;Outfit|700|||||||&#8220; header_5_font_size=&#8220;20px&#8220; header_5_line_height=&#8220;1.4em&#8220; text_orientation=&#8220;center&#8220; custom_margin=&#8220;||10px||false|false&#8220; header_5_font_size_tablet=&#8220;16px&#8220; header_5_font_size_phone=&#8220;14px&#8220; header_5_font_size_last_edited=&#8220;on|desktop&#8220; global_colors_info=&#8220;{}&#8220; theme_builder_area=&#8220;post_content&#8220;]<\/p>\n<h5><strong>Ein Raum nur f\u00fcr Sie<\/strong><\/h5>\n<p>[\/et_pb_text][\/et_pb_column][et_pb_column type=&#8220;1_5&#8243; _builder_version=&#8220;4.23.1&#8243; _module_preset=&#8220;default&#8220; background_color=&#8220;gcid-f0ea3984-34c6-490b-8ec9-14422edca868&#8243; custom_padding=&#8220;40px|30px|40px|30px|true|true&#8220; custom_padding_tablet=&#8220;30px||30px||true|false&#8220; custom_padding_phone=&#8220;|20px||20px|false|true&#8220; custom_padding_last_edited=&#8220;on|desktop&#8220; box_shadow_style=&#8220;preset2&#8243; box_shadow_horizontal=&#8220;0px&#8220; box_shadow_vertical=&#8220;20px&#8220; box_shadow_blur=&#8220;40px&#8220; box_shadow_color=&#8220;rgba(0,0,0,0.12)&#8220; global_colors_info=&#8220;{%22gcid-f0ea3984-34c6-490b-8ec9-14422edca868%22:%91%22background_color%22%93}&#8220; theme_builder_area=&#8220;post_content&#8220;][et_pb_icon font_icon=&#8220;&#x42;||divi||400&#8243; icon_color=&#8220;gcid-8544a4e2-27b8-420a-83de-1cee04f2fb29&#8243; icon_width=&#8220;36px&#8220; _builder_version=&#8220;4.27.4&#8243; _module_preset=&#8220;default&#8220; background_color=&#8220;gcid-33413812-8507-4da4-83be-6137b98902ad&#8220; custom_padding=&#8220;24px|24px|24px|24px|true|true&#8220; border_radii=&#8220;on|50px|50px|50px|50px&#8220; global_colors_info=&#8220;{%22gcid-8544a4e2-27b8-420a-83de-1cee04f2fb29%22:%91%22icon_color%22%93,%22gcid-33413812-8507-4da4-83be-6137b98902ad%22:%91%22background_color%22%93}&#8220; theme_builder_area=&#8220;post_content&#8220;][\/et_pb_icon][et_pb_text _builder_version=&#8220;4.27.4&#8243; _module_preset=&#8220;_initial&#8220; header_5_font=&#8220;Outfit|700|||||||&#8220; header_5_font_size=&#8220;20px&#8220; header_5_line_height=&#8220;1.4em&#8220; text_orientation=&#8220;center&#8220; custom_margin=&#8220;||10px||false|false&#8220; header_5_font_size_tablet=&#8220;16px&#8220; header_5_font_size_phone=&#8220;14px&#8220; header_5_font_size_last_edited=&#8220;on|desktop&#8220; global_colors_info=&#8220;{}&#8220; theme_builder_area=&#8220;post_content&#8220;]<\/p>\n<h5><strong>St\u00e4rkeres Vertrauen<\/strong><\/h5>\n<p>[\/et_pb_text][\/et_pb_column][et_pb_column type=&#8220;1_5&#8243; _builder_version=&#8220;4.23.1&#8243; _module_preset=&#8220;default&#8220; background_color=&#8220;gcid-f0ea3984-34c6-490b-8ec9-14422edca868&#8243; custom_padding=&#8220;40px|30px|40px|30px|true|true&#8220; custom_padding_tablet=&#8220;30px||30px||true|false&#8220; custom_padding_phone=&#8220;|20px||20px|false|true&#8220; custom_padding_last_edited=&#8220;on|desktop&#8220; box_shadow_style=&#8220;preset2&#8243; box_shadow_horizontal=&#8220;0px&#8220; box_shadow_vertical=&#8220;20px&#8220; box_shadow_blur=&#8220;40px&#8220; box_shadow_color=&#8220;rgba(0,0,0,0.12)&#8220; global_colors_info=&#8220;{%22gcid-f0ea3984-34c6-490b-8ec9-14422edca868%22:%91%22background_color%22%93}&#8220; theme_builder_area=&#8220;post_content&#8220;][et_pb_icon font_icon=&#8220;&#xf29a;||fa||900&#8243; icon_color=&#8220;gcid-8544a4e2-27b8-420a-83de-1cee04f2fb29&#8243; icon_width=&#8220;36px&#8220; _builder_version=&#8220;4.27.4&#8243; _module_preset=&#8220;default&#8220; background_color=&#8220;gcid-33413812-8507-4da4-83be-6137b98902ad&#8220; custom_padding=&#8220;24px|24px|24px|24px|true|true&#8220; border_radii=&#8220;on|50px|50px|50px|50px&#8220; global_colors_info=&#8220;{%22gcid-8544a4e2-27b8-420a-83de-1cee04f2fb29%22:%91%22icon_color%22%93,%22gcid-33413812-8507-4da4-83be-6137b98902ad%22:%91%22background_color%22%93}&#8220; theme_builder_area=&#8220;post_content&#8220;][\/et_pb_icon][et_pb_text _builder_version=&#8220;4.27.4&#8243; _module_preset=&#8220;_initial&#8220; header_5_font=&#8220;Outfit|700|||||||&#8220; header_5_font_size=&#8220;20px&#8220; header_5_line_height=&#8220;1.4em&#8220; text_orientation=&#8220;center&#8220; custom_margin=&#8220;||10px||false|false&#8220; header_5_font_size_tablet=&#8220;16px&#8220; header_5_font_size_phone=&#8220;14px&#8220; header_5_font_size_last_edited=&#8220;on|desktop&#8220; global_colors_info=&#8220;{}&#8220; theme_builder_area=&#8220;post_content&#8220;]<\/p>\n<h5><strong>Einfacher und flexibler Fortschritt<\/strong><\/h5>\n<p>[\/et_pb_text][\/et_pb_column][\/et_pb_row][\/et_pb_section][et_pb_section fb_built=&#8220;1&#8243; _builder_version=&#8220;4.27.4&#8243; _module_preset=&#8220;default&#8220; global_colors_info=&#8220;{}&#8220; theme_builder_area=&#8220;post_content&#8220;][et_pb_row column_structure=&#8220;1_2,1_2&#8243; _builder_version=&#8220;4.27.4&#8243; _module_preset=&#8220;default&#8220; global_colors_info=&#8220;{}&#8220; theme_builder_area=&#8220;post_content&#8220;][et_pb_column type=&#8220;1_2&#8243; _builder_version=&#8220;4.27.4&#8243; _module_preset=&#8220;default&#8220; global_colors_info=&#8220;{}&#8220; theme_builder_area=&#8220;post_content&#8220;][et_pb_image src=&#8220;https:\/\/marina-clavet-coaching.com\/wp-content\/uploads\/2025\/10\/MC.png&#8220; alt=&#8220;Marina Clavet Karriere Coach&#8220; title_text=&#8220;MC&#8220; _builder_version=&#8220;4.27.5&#8243; _module_preset=&#8220;default&#8220; hover_enabled=&#8220;0&#8243; global_colors_info=&#8220;{}&#8220; theme_builder_area=&#8220;post_content&#8220; sticky_enabled=&#8220;0&#8243;][\/et_pb_image][\/et_pb_column][et_pb_column type=&#8220;1_2&#8243; _builder_version=&#8220;4.27.4&#8243; _module_preset=&#8220;default&#8220; global_colors_info=&#8220;{}&#8220; theme_builder_area=&#8220;post_content&#8220;][et_pb_text _builder_version=&#8220;4.27.5&#8243; _module_preset=&#8220;default&#8220; custom_padding=&#8220;32px|||||&#8220; hover_enabled=&#8220;0&#8243; global_colors_info=&#8220;{}&#8220; theme_builder_area=&#8220;post_content&#8220; sticky_enabled=&#8220;0&#8243;]<\/p>\n<p data-start=\"1180\" data-end=\"1282\">Es gibt Zeiten, in denen das Problem nicht ernst ist, aber es <strong>nimmt viel Platz in Ihrem Kopf ein.<\/strong><\/p>\n<p data-start=\"1289\" data-end=\"1382\">Sie denken viel nach, Sie analysieren, Sie z\u00f6gern&#8230; und <strong>je mehr Sie dar\u00fcber nachdenken, desto weniger klar ist es.<\/strong><\/p>\n<h4 data-start=\"1389\" data-end=\"1459\" style=\"text-align: center;\"><em>Die Coaching-Kaffeepause ist in solchen Momenten besonders hilfreich:<\/em><\/h4>\n<p data-start=\"1389\" data-end=\"1459\"><em><\/em><\/p>\n<p data-start=\"1757\" data-end=\"1819\">\u2705 Sie sich in einer <strong>bestimmten beruflichen<\/strong> Situation <strong>blockiert<\/strong> f\u00fchlen<\/p>\n<p data-start=\"1822\" data-end=\"1883\">\u2705 Sie drehen sich <strong>in Ihren \u00dcberlegungen im Kreis<\/strong> und es fehlt Ihnen an Distanz.<\/p>\n<p data-start=\"1886\" data-end=\"1946\">\u2705 du zwischen <strong>mehreren Optionen<\/strong> schwankst, ohne dich entscheiden zu k\u00f6nnen<\/p>\n<p data-start=\"1949\" data-end=\"2027\">\u2705 Sie f\u00fchlen <strong>einen Verlust an Schwung oder Motivation<\/strong>, ohne genau zu wissen, warum.<\/p>\n<p data-start=\"2030\" data-end=\"2105\">\u2705 Sie brauchen <strong>einen Blick von au\u00dfen,<\/strong> um zu kl\u00e4ren, was wirklich vor sich geht.<\/p>\n<p data-start=\"2108\" data-end=\"2167\">\u2705 Sie wollen vorankommen, <strong>ohne<\/strong> <strong>sich<\/strong> <strong>zu \u00fcberst\u00fcrzen<\/strong> oder <strong>sich weiter zu ersch\u00f6pfen<\/strong>.<\/p>\n<p>[\/et_pb_text][\/et_pb_column][\/et_pb_row][et_pb_row _builder_version=&#8220;4.27.4&#8243; _module_preset=&#8220;default&#8220; global_colors_info=&#8220;{}&#8220; theme_builder_area=&#8220;post_content&#8220;][et_pb_column type=&#8220;4_4&#8243; _builder_version=&#8220;4.27.4&#8243; _module_preset=&#8220;default&#8220; global_colors_info=&#8220;{}&#8220; theme_builder_area=&#8220;post_content&#8220;][et_pb_text _builder_version=&#8220;4.27.5&#8243; _module_preset=&#8220;default&#8220; global_colors_info=&#8220;{}&#8220; theme_builder_area=&#8220;post_content&#8220;]<\/p>\n<div>\n<h2 data-start=\"2177\" data-end=\"2280\" style=\"text-align: center;\">Sie m\u00fcssen heute nicht alles verstehen. Sie m\u00fcssen nur anfangen, ein wenig klarer zu sehen. <\/h2>\n<h2 data-start=\"2287\" data-end=\"2384\" style=\"text-align: center;\">Die Coaching-Kaffeepause ist ein einfacher erster Schritt, der Ihr Tempo und Ihre Realit\u00e4t respektiert.<\/h2>\n<p>&nbsp;<\/p>\n<h2 style=\"text-align: center;\"><strong>G\u00f6nnen Sie mir eine Kaffeepause Coaching \u2615\ufe0f<\/strong><\/h2>\n<\/div>\n<div><\/div>\n<p>[\/et_pb_text][\/et_pb_column][\/et_pb_row][\/et_pb_section][et_pb_section fb_built=&#8220;1&#8243; _builder_version=&#8220;4.27.4&#8243; _module_preset=&#8220;default&#8220; global_colors_info=&#8220;{}&#8220; theme_builder_area=&#8220;post_content&#8220;][et_pb_row _builder_version=&#8220;4.27.4&#8243; _module_preset=&#8220;default&#8220; global_colors_info=&#8220;{}&#8220; theme_builder_area=&#8220;post_content&#8220;][et_pb_column type=&#8220;4_4&#8243; _builder_version=&#8220;4.27.4&#8243; _module_preset=&#8220;default&#8220; global_colors_info=&#8220;{}&#8220; theme_builder_area=&#8220;post_content&#8220;][et_pb_code _builder_version=&#8220;4.27.4&#8243; _module_preset=&#8220;default&#8220; global_colors_info=&#8220;{}&#8220; theme_builder_area=&#8220;post_content&#8220;]<!-- D\u00e9but de widget en ligne Calendly --><!-- [et_pb_line_break_holder] --><\/p>\n<div class=\"calendly-inline-widget\" data-url=\"https:\/\/calendly.com\/marina-clavet-coaching\/coffee-break-seance-decouverte-clone-1?hide_gdpr_banner=1&amp;background_color=fff6e9&amp;primary_color=7b163e\" style=\"min-width:320px;height:700px;\"><\/div>\n<p><!-- [et_pb_line_break_holder] --><script type=\"text\/javascript\" src=\"https:\/\/assets.calendly.com\/assets\/external\/widget.js\" async=\"\"><\/script><!-- [et_pb_line_break_holder] --><!-- Fin de widget en ligne Calendly -->[\/et_pb_code][\/et_pb_column][\/et_pb_row][\/et_pb_section]<\/p>\n","protected":false},"excerpt":{"rendered":"<p>Kaffeepause Coaching Wenn Sie sich in einer gesch\u00e4ftlichen Situation im Kreis drehen, Wenn Sie in einer Situation sind, in der Sie sich nicht sicher sind, k\u00f6nnen 20 Minuten ausreichen, um Klarheit zu schaffen. Mehr Klarheit &amp; erste Ans\u00e4tzeEin vertrauensw\u00fcrdiger Blick von au\u00dfen Ein Raum nur f\u00fcr SieSt\u00e4rkeres VertrauenEinfacher und flexibler FortschrittEs gibt Zeiten, in denen [&hellip;]<\/p>\n","protected":false},"author":1,"featured_media":0,"parent":0,"menu_order":0,"comment_status":"closed","ping_status":"closed","template":"","meta":{"_et_pb_use_builder":"on","_et_pb_old_content":"","_et_gb_content_width":"","footnotes":""},"class_list":["post-2888","page","type-page","status-publish","hentry"],"yoast_head":"<!-- This site is optimized with the Yoast SEO plugin v27.3 - https:\/\/yoast.com\/product\/yoast-seo-wordpress\/ -->\n<title>Kaffeepause Coaching - Marina Clavet Coaching<\/title>\n<meta name=\"description\" content=\"Individuelle Coaching-Sitzung Zeitkarriere, um Klarheit \u00fcber eine berufliche Situation zu gewinnen. Sie gehen mit ersten Anhaltspunkten nach Hause.\" \/>\n<meta name=\"robots\" content=\"index, follow, max-snippet:-1, max-image-preview:large, max-video-preview:-1\" \/>\n<link rel=\"canonical\" href=\"https:\/\/marina-clavet-coaching.com\/de\/kaffeepause-coaching\/\" \/>\n<meta property=\"og:locale\" content=\"de_DE\" \/>\n<meta property=\"og:type\" content=\"article\" \/>\n<meta property=\"og:title\" content=\"Kaffeepause Coaching - Marina Clavet Coaching\" \/>\n<meta property=\"og:description\" content=\"Individuelle Coaching-Sitzung Zeitkarriere, um Klarheit \u00fcber eine berufliche Situation zu gewinnen. Sie gehen mit ersten Anhaltspunkten nach Hause.\" \/>\n<meta property=\"og:url\" content=\"https:\/\/marina-clavet-coaching.com\/de\/kaffeepause-coaching\/\" \/>\n<meta property=\"og:site_name\" content=\"Marina Clavet Coaching\" \/>\n<meta property=\"article:modified_time\" content=\"2026-03-26T15:53:16+00:00\" \/>\n<meta name=\"twitter:card\" content=\"summary_large_image\" \/>\n<meta name=\"twitter:label1\" content=\"Gesch\u00e4tzte Lesezeit\" \/>\n\t<meta name=\"twitter:data1\" content=\"10\u00a0Minuten\" \/>\n<script type=\"application\/ld+json\" class=\"yoast-schema-graph\">{\"@context\":\"https:\\\/\\\/schema.org\",\"@graph\":[{\"@type\":\"WebPage\",\"@id\":\"https:\\\/\\\/marina-clavet-coaching.com\\\/de\\\/kaffeepause-coaching\\\/\",\"url\":\"https:\\\/\\\/marina-clavet-coaching.com\\\/de\\\/kaffeepause-coaching\\\/\",\"name\":\"Kaffeepause Coaching - Marina Clavet Coaching\",\"isPartOf\":{\"@id\":\"https:\\\/\\\/marina-clavet-coaching.com\\\/#website\"},\"datePublished\":\"2026-02-01T14:47:06+00:00\",\"dateModified\":\"2026-03-26T15:53:16+00:00\",\"description\":\"Individuelle Coaching-Sitzung Zeitkarriere, um Klarheit \u00fcber eine berufliche Situation zu gewinnen. Sie gehen mit ersten Anhaltspunkten nach Hause.\",\"breadcrumb\":{\"@id\":\"https:\\\/\\\/marina-clavet-coaching.com\\\/de\\\/kaffeepause-coaching\\\/#breadcrumb\"},\"inLanguage\":\"de\",\"potentialAction\":[{\"@type\":\"ReadAction\",\"target\":[\"https:\\\/\\\/marina-clavet-coaching.com\\\/de\\\/kaffeepause-coaching\\\/\"]}]},{\"@type\":\"BreadcrumbList\",\"@id\":\"https:\\\/\\\/marina-clavet-coaching.com\\\/de\\\/kaffeepause-coaching\\\/#breadcrumb\",\"itemListElement\":[{\"@type\":\"ListItem\",\"position\":1,\"name\":\"Home\",\"item\":\"https:\\\/\\\/marina-clavet-coaching.com\\\/de\\\/willkommen\\\/\"},{\"@type\":\"ListItem\",\"position\":2,\"name\":\"Kaffeepause Coaching\"}]},{\"@type\":\"WebSite\",\"@id\":\"https:\\\/\\\/marina-clavet-coaching.com\\\/#website\",\"url\":\"https:\\\/\\\/marina-clavet-coaching.com\\\/\",\"name\":\"Marina Clavet Coaching\",\"description\":\"Coach professionnelle\",\"potentialAction\":[{\"@type\":\"SearchAction\",\"target\":{\"@type\":\"EntryPoint\",\"urlTemplate\":\"https:\\\/\\\/marina-clavet-coaching.com\\\/?s={search_term_string}\"},\"query-input\":{\"@type\":\"PropertyValueSpecification\",\"valueRequired\":true,\"valueName\":\"search_term_string\"}}],\"inLanguage\":\"de\"}]}<\/script>\n<!-- \/ Yoast SEO plugin. -->","yoast_head_json":{"title":"Kaffeepause Coaching - Marina Clavet Coaching","description":"Individuelle Coaching-Sitzung Zeitkarriere, um Klarheit \u00fcber eine berufliche Situation zu gewinnen. Sie gehen mit ersten Anhaltspunkten nach Hause.","robots":{"index":"index","follow":"follow","max-snippet":"max-snippet:-1","max-image-preview":"max-image-preview:large","max-video-preview":"max-video-preview:-1"},"canonical":"https:\/\/marina-clavet-coaching.com\/de\/kaffeepause-coaching\/","og_locale":"de_DE","og_type":"article","og_title":"Kaffeepause Coaching - Marina Clavet Coaching","og_description":"Individuelle Coaching-Sitzung Zeitkarriere, um Klarheit \u00fcber eine berufliche Situation zu gewinnen. Sie gehen mit ersten Anhaltspunkten nach Hause.","og_url":"https:\/\/marina-clavet-coaching.com\/de\/kaffeepause-coaching\/","og_site_name":"Marina Clavet Coaching","article_modified_time":"2026-03-26T15:53:16+00:00","twitter_card":"summary_large_image","twitter_misc":{"Gesch\u00e4tzte Lesezeit":"10\u00a0Minuten"},"schema":{"@context":"https:\/\/schema.org","@graph":[{"@type":"WebPage","@id":"https:\/\/marina-clavet-coaching.com\/de\/kaffeepause-coaching\/","url":"https:\/\/marina-clavet-coaching.com\/de\/kaffeepause-coaching\/","name":"Kaffeepause Coaching - Marina Clavet Coaching","isPartOf":{"@id":"https:\/\/marina-clavet-coaching.com\/#website"},"datePublished":"2026-02-01T14:47:06+00:00","dateModified":"2026-03-26T15:53:16+00:00","description":"Individuelle Coaching-Sitzung Zeitkarriere, um Klarheit \u00fcber eine berufliche Situation zu gewinnen. Sie gehen mit ersten Anhaltspunkten nach Hause.","breadcrumb":{"@id":"https:\/\/marina-clavet-coaching.com\/de\/kaffeepause-coaching\/#breadcrumb"},"inLanguage":"de","potentialAction":[{"@type":"ReadAction","target":["https:\/\/marina-clavet-coaching.com\/de\/kaffeepause-coaching\/"]}]},{"@type":"BreadcrumbList","@id":"https:\/\/marina-clavet-coaching.com\/de\/kaffeepause-coaching\/#breadcrumb","itemListElement":[{"@type":"ListItem","position":1,"name":"Home","item":"https:\/\/marina-clavet-coaching.com\/de\/willkommen\/"},{"@type":"ListItem","position":2,"name":"Kaffeepause Coaching"}]},{"@type":"WebSite","@id":"https:\/\/marina-clavet-coaching.com\/#website","url":"https:\/\/marina-clavet-coaching.com\/","name":"Marina Clavet Coaching","description":"Coach professionnelle","potentialAction":[{"@type":"SearchAction","target":{"@type":"EntryPoint","urlTemplate":"https:\/\/marina-clavet-coaching.com\/?s={search_term_string}"},"query-input":{"@type":"PropertyValueSpecification","valueRequired":true,"valueName":"search_term_string"}}],"inLanguage":"de"}]}},"_links":{"self":[{"href":"https:\/\/marina-clavet-coaching.com\/de\/wp-json\/wp\/v2\/pages\/2888","targetHints":{"allow":["GET"]}}],"collection":[{"href":"https:\/\/marina-clavet-coaching.com\/de\/wp-json\/wp\/v2\/pages"}],"about":[{"href":"https:\/\/marina-clavet-coaching.com\/de\/wp-json\/wp\/v2\/types\/page"}],"author":[{"embeddable":true,"href":"https:\/\/marina-clavet-coaching.com\/de\/wp-json\/wp\/v2\/users\/1"}],"replies":[{"embeddable":true,"href":"https:\/\/marina-clavet-coaching.com\/de\/wp-json\/wp\/v2\/comments?post=2888"}],"version-history":[{"count":2,"href":"https:\/\/marina-clavet-coaching.com\/de\/wp-json\/wp\/v2\/pages\/2888\/revisions"}],"predecessor-version":[{"id":2890,"href":"https:\/\/marina-clavet-coaching.com\/de\/wp-json\/wp\/v2\/pages\/2888\/revisions\/2890"}],"wp:attachment":[{"href":"https:\/\/marina-clavet-coaching.com\/de\/wp-json\/wp\/v2\/media?parent=2888"}],"curies":[{"name":"wp","href":"https:\/\/api.w.org\/{rel}","templated":true}]}}